{"id":342,"date":"2019-03-21T13:32:59","date_gmt":"2019-03-21T13:32:59","guid":{"rendered":"http:\/\/www.uhlenbeck-uitgevers.nl\/index.php\/books\/"},"modified":"2025-11-21T13:16:24","modified_gmt":"2025-11-21T12:16:24","slug":"books","status":"publish","type":"page","link":"https:\/\/www.uhlenbeck-uitgevers.nl\/index.php\/books\/","title":{"rendered":"Books"},"content":{"rendered":"\t\t<div data-elementor-type=\"wp-post\" data-elementor-id=\"342\" class=\"elementor elementor-342\">\n\t\t\t\t\t\t<section class=\"elementor-section elementor-top-section elementor-element elementor-element-71e997b elementor-section-boxed elementor-section-height-default elementor-section-height-default\" data-id=\"71e997b\" data-element_type=\"section\" data-settings=\"{&quot;background_background&quot;:&quot;classic&quot;}\">\n\t\t\t\t\t\t\t<div class=\"elementor-background-overlay\"><\/div>\n\t\t\t\t\t\t\t<div class=\"elementor-container elementor-column-gap-default\">\n\t\t\t\t\t<div class=\"elementor-column elementor-col-100 elementor-top-column elementor-element elementor-element-41acd10\" data-id=\"41acd10\" data-element_type=\"column\">\n\t\t\t<div class=\"elementor-widget-wrap elementor-element-populated\">\n\t\t\t\t\t\t<div class=\"elementor-element elementor-element-61713ca elementor-widget-divider--view-line elementor-widget elementor-widget-divider\" data-id=\"61713ca\" data-element_type=\"widget\" data-widget_type=\"divider.default\">\n\t\t\t\t<div class=\"elementor-widget-container\">\n\t\t\t\t\t\t\t<div class=\"elementor-divider\">\n\t\t\t<span class=\"elementor-divider-separator\">\n\t\t\t\t\t\t<\/span>\n\t\t<\/div>\n\t\t\t\t\t\t<\/div>\n\t\t\t\t<\/div>\n\t\t\t\t<div class=\"elementor-element elementor-element-ab5e891 elementor-widget elementor-widget-heading\" data-id=\"ab5e891\" data-element_type=\"widget\" data-widget_type=\"heading.default\">\n\t\t\t\t<div class=\"elementor-widget-container\">\n\t\t\t\t\t<h2 class=\"elementor-heading-title elementor-size-default\">Onze uitgaven \/ Our publications<\/h2>\t\t\t\t<\/div>\n\t\t\t\t<\/div>\n\t\t\t\t\t<\/div>\n\t\t<\/div>\n\t\t\t\t\t<\/div>\n\t\t<\/section>\n\t\t\t\t<section class=\"elementor-section elementor-top-section elementor-element elementor-element-4e9e9ba elementor-section-boxed elementor-section-height-default elementor-section-height-default\" data-id=\"4e9e9ba\" data-element_type=\"section\" data-settings=\"{&quot;background_background&quot;:&quot;classic&quot;}\">\n\t\t\t\t\t\t\t<div class=\"elementor-background-overlay\"><\/div>\n\t\t\t\t\t\t\t<div class=\"elementor-container elementor-column-gap-default\">\n\t\t\t\t\t<div class=\"elementor-column elementor-col-100 elementor-top-column elementor-element elementor-element-74f9d79\" data-id=\"74f9d79\" data-element_type=\"column\">\n\t\t\t<div class=\"elementor-widget-wrap elementor-element-populated\">\n\t\t\t\t\t\t<section class=\"elementor-section elementor-inner-section elementor-element elementor-element-7612096 elementor-section-boxed elementor-section-height-default elementor-section-height-default\" data-id=\"7612096\" data-element_type=\"section\">\n\t\t\t\t\t\t<div class=\"elementor-container elementor-column-gap-default\">\n\t\t\t\t\t<div class=\"elementor-column elementor-col-50 elementor-inner-column elementor-element elementor-element-0af3780\" data-id=\"0af3780\" data-element_type=\"column\">\n\t\t\t<div class=\"elementor-widget-wrap elementor-element-populated\">\n\t\t\t\t\t\t<div class=\"elementor-element elementor-element-54d40f4 elementor-widget__width-initial elementor-widget elementor-widget-image\" data-id=\"54d40f4\" data-element_type=\"widget\" data-widget_type=\"image.default\">\n\t\t\t\t<div class=\"elementor-widget-container\">\n\t\t\t\t\t\t\t\t\t\t\t\t\t\t\t<img fetchpriority=\"high\" decoding=\"async\" width=\"2560\" height=\"1823\" src=\"https:\/\/www.uhlenbeck-uitgevers.nl\/wp-content\/uploads\/2023\/09\/The-Year-in-the-Capital-cover.jpg\" class=\"attachment-full size-full wp-image-1176\" alt=\"\" srcset=\"https:\/\/www.uhlenbeck-uitgevers.nl\/wp-content\/uploads\/2023\/09\/The-Year-in-the-Capital-cover.jpg 2560w, https:\/\/www.uhlenbeck-uitgevers.nl\/wp-content\/uploads\/2023\/09\/The-Year-in-the-Capital-cover-300x214.jpg 300w, https:\/\/www.uhlenbeck-uitgevers.nl\/wp-content\/uploads\/2023\/09\/The-Year-in-the-Capital-cover-1024x729.jpg 1024w, https:\/\/www.uhlenbeck-uitgevers.nl\/wp-content\/uploads\/2023\/09\/The-Year-in-the-Capital-cover-768x547.jpg 768w, https:\/\/www.uhlenbeck-uitgevers.nl\/wp-content\/uploads\/2023\/09\/The-Year-in-the-Capital-cover-1536x1094.jpg 1536w, https:\/\/www.uhlenbeck-uitgevers.nl\/wp-content\/uploads\/2023\/09\/The-Year-in-the-Capital-cover-2048x1458.jpg 2048w\" sizes=\"(max-width: 2560px) 100vw, 2560px\" \/>\t\t\t\t\t\t\t\t\t\t\t\t\t\t\t<\/div>\n\t\t\t\t<\/div>\n\t\t\t\t<div class=\"elementor-element elementor-element-31c501f elementor-widget elementor-widget-heading\" data-id=\"31c501f\" data-element_type=\"widget\" data-widget_type=\"heading.default\">\n\t\t\t\t<div class=\"elementor-widget-container\">\n\t\t\t\t\t<h4 class=\"elementor-heading-title elementor-size-default\"><br>A Year in the Capital<\/h4>\t\t\t\t<\/div>\n\t\t\t\t<\/div>\n\t\t\t\t\t<\/div>\n\t\t<\/div>\n\t\t\t\t<div class=\"elementor-column elementor-col-50 elementor-inner-column elementor-element elementor-element-6e9b04d\" data-id=\"6e9b04d\" data-element_type=\"column\" data-settings=\"{&quot;background_background&quot;:&quot;classic&quot;}\">\n\t\t\t<div class=\"elementor-widget-wrap elementor-element-populated\">\n\t\t\t\t\t\t<div class=\"elementor-element elementor-element-89af2c7 elementor-widget elementor-widget-text-editor\" data-id=\"89af2c7\" data-element_type=\"widget\" data-widget_type=\"text-editor.default\">\n\t\t\t\t<div class=\"elementor-widget-container\">\n\t\t\t\t\t\t\t\t\t<div role=\"tabpanel\" aria-labelledby=\"tab-title-description\"><p>This book provides a complete overview of <i>Ehon miyako z\u014dshi<\/i> (<i>An Illustrated Booklet about the Capital<\/i>), an <i>ehon <\/i>(picture book) by Nishikawa Sukenobu (1671\u20131750), published in Kyoto by Kikuya Kihei in 1746. Sukenobu&#8217;s booklet provides a selection of the most important activities and festivities that took place annually in Kyoto, some of which are still celebrated today. It gives an idea of what life was like in the imperial city for townsfolk of slightly above average wealth and status during the early to mid-18th century.<br \/>Henri Kerlen gives transcriptions and translations of the complete work, which, together with his explanations of the depicted scenes, offer valuable insights into Sukenobu&#8217;s world.<\/p><\/div>\t\t\t\t\t\t\t\t<\/div>\n\t\t\t\t<\/div>\n\t\t\t\t\t<\/div>\n\t\t<\/div>\n\t\t\t\t\t<\/div>\n\t\t<\/section>\n\t\t\t\t<section class=\"elementor-section elementor-inner-section elementor-element elementor-element-cb709f2 elementor-section-boxed elementor-section-height-default elementor-section-height-default\" data-id=\"cb709f2\" data-element_type=\"section\">\n\t\t\t\t\t\t<div class=\"elementor-container elementor-column-gap-default\">\n\t\t\t\t\t<div class=\"elementor-column elementor-col-33 elementor-inner-column elementor-element elementor-element-2fcbefe\" data-id=\"2fcbefe\" data-element_type=\"column\">\n\t\t\t<div class=\"elementor-widget-wrap\">\n\t\t\t\t\t\t\t<\/div>\n\t\t<\/div>\n\t\t\t\t<div class=\"elementor-column elementor-col-33 elementor-inner-column elementor-element elementor-element-d41261d\" data-id=\"d41261d\" data-element_type=\"column\">\n\t\t\t<div class=\"elementor-widget-wrap elementor-element-populated\">\n\t\t\t\t\t\t<div class=\"elementor-element elementor-element-f50d937 elementor-widget elementor-widget-text-editor\" data-id=\"f50d937\" data-element_type=\"widget\" data-widget_type=\"text-editor.default\">\n\t\t\t\t<div class=\"elementor-widget-container\">\n\t\t\t\t\t\t\t\t\t<p>Author: <br \/>Editing and proofreading: <br \/>Graphic design: <br \/>NUR 642 &#8211; Monografie\u00ebn (kunst)<br \/>ISBN 978-90-831736-1-0<br \/>Price: \u20ac 15,00<\/p>\t\t\t\t\t\t\t\t<\/div>\n\t\t\t\t<\/div>\n\t\t\t\t<div class=\"elementor-element elementor-element-d09ba56 elementor-widget elementor-widget-button\" data-id=\"d09ba56\" data-element_type=\"widget\" data-widget_type=\"button.default\">\n\t\t\t\t<div class=\"elementor-widget-container\">\n\t\t\t\t\t\t\t\t\t<div class=\"elementor-button-wrapper\">\n\t\t\t\t\t<a class=\"elementor-button elementor-button-link elementor-size-sm\" href=\"https:\/\/www.uhlenbeck-uitgevers.nl\/index.php\/bestelling\/\" target=\"_blank\">\n\t\t\t\t\t\t<span class=\"elementor-button-content-wrapper\">\n\t\t\t\t\t\t\t\t\t<span class=\"elementor-button-text\">Bestelformulier \/ Order this book<\/span>\n\t\t\t\t\t<\/span>\n\t\t\t\t\t<\/a>\n\t\t\t\t<\/div>\n\t\t\t\t\t\t\t\t<\/div>\n\t\t\t\t<\/div>\n\t\t\t\t\t<\/div>\n\t\t<\/div>\n\t\t\t\t<div class=\"elementor-column elementor-col-33 elementor-inner-column elementor-element elementor-element-80b4243\" data-id=\"80b4243\" data-element_type=\"column\">\n\t\t\t<div class=\"elementor-widget-wrap elementor-element-populated\">\n\t\t\t\t\t\t<div class=\"elementor-element elementor-element-92d69b8 elementor-widget__width-initial elementor-widget elementor-widget-text-editor\" data-id=\"92d69b8\" data-element_type=\"widget\" data-widget_type=\"text-editor.default\">\n\t\t\t\t<div class=\"elementor-widget-container\">\n\t\t\t\t\t\t\t\t\t<p>Henri Kerlen<br \/>Jim Dwinger<br \/>Julian Kleyn<\/p>\t\t\t\t\t\t\t\t<\/div>\n\t\t\t\t<\/div>\n\t\t\t\t\t<\/div>\n\t\t<\/div>\n\t\t\t\t\t<\/div>\n\t\t<\/section>\n\t\t\t\t<section class=\"elementor-section elementor-inner-section elementor-element elementor-element-133cd0c elementor-section-boxed elementor-section-height-default elementor-section-height-default\" data-id=\"133cd0c\" data-element_type=\"section\">\n\t\t\t\t\t\t<div class=\"elementor-container elementor-column-gap-default\">\n\t\t\t\t\t<div class=\"elementor-column elementor-col-50 elementor-inner-column elementor-element elementor-element-0165c0e\" data-id=\"0165c0e\" data-element_type=\"column\" data-settings=\"{&quot;background_background&quot;:&quot;classic&quot;}\">\n\t\t\t<div class=\"elementor-widget-wrap elementor-element-populated\">\n\t\t\t\t\t\t<div class=\"elementor-element elementor-element-c4d0aba elementor-widget elementor-widget-image\" data-id=\"c4d0aba\" data-element_type=\"widget\" data-widget_type=\"image.default\">\n\t\t\t\t<div class=\"elementor-widget-container\">\n\t\t\t\t\t\t\t\t\t\t\t\t\t\t\t<img decoding=\"async\" width=\"1810\" height=\"2560\" src=\"https:\/\/www.uhlenbeck-uitgevers.nl\/wp-content\/uploads\/2021\/07\/Boek-Marie-Kuyken-voorzijde-scaled.jpg\" class=\"attachment-full size-full wp-image-1023\" alt=\"\" srcset=\"https:\/\/www.uhlenbeck-uitgevers.nl\/wp-content\/uploads\/2021\/07\/Boek-Marie-Kuyken-voorzijde-scaled.jpg 1810w, https:\/\/www.uhlenbeck-uitgevers.nl\/wp-content\/uploads\/2021\/07\/Boek-Marie-Kuyken-voorzijde-212x300.jpg 212w, https:\/\/www.uhlenbeck-uitgevers.nl\/wp-content\/uploads\/2021\/07\/Boek-Marie-Kuyken-voorzijde-724x1024.jpg 724w, https:\/\/www.uhlenbeck-uitgevers.nl\/wp-content\/uploads\/2021\/07\/Boek-Marie-Kuyken-voorzijde-768x1086.jpg 768w, https:\/\/www.uhlenbeck-uitgevers.nl\/wp-content\/uploads\/2021\/07\/Boek-Marie-Kuyken-voorzijde-1086x1536.jpg 1086w, https:\/\/www.uhlenbeck-uitgevers.nl\/wp-content\/uploads\/2021\/07\/Boek-Marie-Kuyken-voorzijde-1448x2048.jpg 1448w, https:\/\/www.uhlenbeck-uitgevers.nl\/wp-content\/uploads\/2021\/07\/Boek-Marie-Kuyken-voorzijde-600x849.jpg 600w\" sizes=\"(max-width: 1810px) 100vw, 1810px\" \/>\t\t\t\t\t\t\t\t\t\t\t\t\t\t\t<\/div>\n\t\t\t\t<\/div>\n\t\t\t\t<div class=\"elementor-element elementor-element-6691694 elementor-widget elementor-widget-heading\" data-id=\"6691694\" data-element_type=\"widget\" data-widget_type=\"heading.default\">\n\t\t\t\t<div class=\"elementor-widget-container\">\n\t\t\t\t\t<h4 class=\"elementor-heading-title elementor-size-default\">Marie Kuyken\nCloisonn\u00e9<\/h4>\t\t\t\t<\/div>\n\t\t\t\t<\/div>\n\t\t\t\t\t<\/div>\n\t\t<\/div>\n\t\t\t\t<div class=\"elementor-column elementor-col-50 elementor-inner-column elementor-element elementor-element-c638dc3\" data-id=\"c638dc3\" data-element_type=\"column\" data-settings=\"{&quot;background_background&quot;:&quot;classic&quot;}\">\n\t\t\t<div class=\"elementor-widget-wrap elementor-element-populated\">\n\t\t\t\t\t\t<div class=\"elementor-element elementor-element-e887ad5 elementor-widget elementor-widget-text-editor\" data-id=\"e887ad5\" data-element_type=\"widget\" data-widget_type=\"text-editor.default\">\n\t\t\t\t<div class=\"elementor-widget-container\">\n\t\t\t\t\t\t\t\t\t<div id=\"tab-description\" class=\"woocommerce-Tabs-panel woocommerce-Tabs-panel--description panel entry-content wc-tab\" role=\"tabpanel\" aria-labelledby=\"tab-title-description\">\n<p>Marie C. (Rie) Kuyken (1898-1988) was een van de belangrijkste dessinontwerpsters van Nederland.<br>Ze maakte honderden ontwerpen voor behang en textiel, onder meer voor de beroemde kunstenaarscollecties<br>van Rath &amp; Doodeheefver. Ze begon haar carri\u00e8re in het familiebedrijf van haar vader, Wilhelm<br>Kuyken Jr., een graveerderij van walsen en blokken voor het drukken van behangpapier en balatum.<\/p>\n<p>Ze onderscheidde zich voor het eerst met haar decoratieve panelen, uitgevoerd door de firma in<br>een cloisonn\u00e9-techniek die ge\u00ebnt was op het Chinese en Byzantijnse email-cloisonn\u00e9.<\/p><p><br><\/p>\n<p>Tussen 1918 en 1921 maakte Marie een tachtigtal paneelontwerpen, die een duidelijke invloed van<br>de Amsterdamse School tonen. Ze stellen gestileerde planten, dieren en fabeldieren voor. Vol van kleur<br>en fantasie, worden ze beschouwd als een voorbeeld van exotisme binnen de Nederlandse art deco.<\/p>\n<p>Haar werk was op belangrijke exposities te zien en kreeg brede waardering.<br>In deze publicatie worden niet alleen de panelen, maar ook de carri\u00e8re van de ontwerpster belicht,<br>in de context van de artistieke ontwikkeling van het bijzondere familiebedrijf, waarop Marie gedurende<br>meer dan veertig jaar een kunstzinnig stempel drukte.<\/p>\n<\/div>\t\t\t\t\t\t\t\t<\/div>\n\t\t\t\t<\/div>\n\t\t\t\t\t<\/div>\n\t\t<\/div>\n\t\t\t\t\t<\/div>\n\t\t<\/section>\n\t\t\t\t<section class=\"elementor-section elementor-inner-section elementor-element elementor-element-3377f89 elementor-section-boxed elementor-section-height-default elementor-section-height-default\" data-id=\"3377f89\" data-element_type=\"section\">\n\t\t\t\t\t\t<div class=\"elementor-container elementor-column-gap-default\">\n\t\t\t\t\t<div class=\"elementor-column elementor-col-33 elementor-inner-column elementor-element elementor-element-6053e66\" data-id=\"6053e66\" data-element_type=\"column\">\n\t\t\t<div class=\"elementor-widget-wrap\">\n\t\t\t\t\t\t\t<\/div>\n\t\t<\/div>\n\t\t\t\t<div class=\"elementor-column elementor-col-33 elementor-inner-column elementor-element elementor-element-4442a5a\" data-id=\"4442a5a\" data-element_type=\"column\">\n\t\t\t<div class=\"elementor-widget-wrap elementor-element-populated\">\n\t\t\t\t\t\t<div class=\"elementor-element elementor-element-be46c1c elementor-widget elementor-widget-text-editor\" data-id=\"be46c1c\" data-element_type=\"widget\" data-widget_type=\"text-editor.default\">\n\t\t\t\t<div class=\"elementor-widget-container\">\n\t\t\t\t\t\t\t\t\t<p>Concept en samenstelling:<br \/>Auteurs: <br \/>Redactie: <br \/>NUR 642 &#8211; Monografie\u00ebn (kunst)<br \/>ISBN 978-90-831736-0-3<br \/>Prijs: \u20ac 14,95<\/p>\t\t\t\t\t\t\t\t<\/div>\n\t\t\t\t<\/div>\n\t\t\t\t<div class=\"elementor-element elementor-element-3eddc50 elementor-widget elementor-widget-button\" data-id=\"3eddc50\" data-element_type=\"widget\" data-widget_type=\"button.default\">\n\t\t\t\t<div class=\"elementor-widget-container\">\n\t\t\t\t\t\t\t\t\t<div class=\"elementor-button-wrapper\">\n\t\t\t\t\t<a class=\"elementor-button elementor-size-sm\" role=\"button\">\n\t\t\t\t\t\t<span class=\"elementor-button-content-wrapper\">\n\t\t\t\t\t\t\t\t\t<span class=\"elementor-button-text\">Sold OUT<\/span>\n\t\t\t\t\t<\/span>\n\t\t\t\t\t<\/a>\n\t\t\t\t<\/div>\n\t\t\t\t\t\t\t\t<\/div>\n\t\t\t\t<\/div>\n\t\t\t\t\t<\/div>\n\t\t<\/div>\n\t\t\t\t<div class=\"elementor-column elementor-col-33 elementor-inner-column elementor-element elementor-element-4b2a541\" data-id=\"4b2a541\" data-element_type=\"column\">\n\t\t\t<div class=\"elementor-widget-wrap elementor-element-populated\">\n\t\t\t\t\t\t<div class=\"elementor-element elementor-element-d7d26c0 elementor-widget elementor-widget-text-editor\" data-id=\"d7d26c0\" data-element_type=\"widget\" data-widget_type=\"text-editor.default\">\n\t\t\t\t<div class=\"elementor-widget-container\">\n\t\t\t\t\t\t\t\t\t<p>Thierry Kuyken en Chris Uhlenbeck<br \/>Thierry Kuyken en Martijn de Rooi<br \/>Martijn de Rooi<br \/><br \/><\/p>\t\t\t\t\t\t\t\t<\/div>\n\t\t\t\t<\/div>\n\t\t\t\t\t<\/div>\n\t\t<\/div>\n\t\t\t\t\t<\/div>\n\t\t<\/section>\n\t\t\t\t\t<\/div>\n\t\t<\/div>\n\t\t\t\t\t<\/div>\n\t\t<\/section>\n\t\t\t\t<section class=\"elementor-section elementor-top-section elementor-element elementor-element-2cb4c90 elementor-section-boxed elementor-section-height-default elementor-section-height-default\" data-id=\"2cb4c90\" data-element_type=\"section\">\n\t\t\t\t\t\t<div class=\"elementor-container elementor-column-gap-default\">\n\t\t\t\t\t<div class=\"elementor-column elementor-col-100 elementor-top-column elementor-element elementor-element-e8b3d02\" data-id=\"e8b3d02\" data-element_type=\"column\">\n\t\t\t<div class=\"elementor-widget-wrap\">\n\t\t\t\t\t\t\t<\/div>\n\t\t<\/div>\n\t\t\t\t\t<\/div>\n\t\t<\/section>\n\t\t\t\t<\/div>\n\t\t","protected":false},"excerpt":{"rendered":"<p>Onze uitgaven \/ Our publications A Year in the Capital This book provides a complete overview of Ehon miyako z\u014dshi (An Illustrated Booklet about the Capital), an ehon (picture book) by Nishikawa Sukenobu (1671\u20131750), published in Kyoto by Kikuya Kihei in 1746. Sukenobu&#8217;s booklet provides a selection of the most important activities and festivities that [&hellip;]<\/p>\n","protected":false},"author":1,"featured_media":0,"parent":0,"menu_order":0,"comment_status":"closed","ping_status":"closed","template":"elementor_header_footer","meta":{"site-sidebar-layout":"no-sidebar","site-content-layout":"page-builder","ast-site-content-layout":"default","site-content-style":"default","site-sidebar-style":"default","ast-global-header-display":"","ast-banner-title-visibility":"","ast-main-header-display":"","ast-hfb-above-header-display":"","ast-hfb-below-header-display":"","ast-hfb-mobile-header-display":"","site-post-title":"disabled","ast-breadcrumbs-content":"","ast-featured-img":"disabled","footer-sml-layout":"","ast-disable-related-posts":"","theme-transparent-header-meta":"default","adv-header-id-meta":"","stick-header-meta":"","header-above-stick-meta":"","header-main-stick-meta":"","header-below-stick-meta":"","astra-migrate-meta-layouts":"default","ast-page-background-enabled":"default","ast-page-background-meta":{"desktop":{"background-color":"","background-image":"","background-repeat":"repeat","background-position":"center center","background-size":"auto","background-attachment":"scroll","background-type":"","background-media":"","overlay-type":"","overlay-color":"","overlay-opacity":"","overlay-gradient":""},"tablet":{"background-color":"","background-image":"","background-repeat":"repeat","background-position":"center center","background-size":"auto","background-attachment":"scroll","background-type":"","background-media":"","overlay-type":"","overlay-color":"","overlay-opacity":"","overlay-gradient":""},"mobile":{"background-color":"","background-image":"","background-repeat":"repeat","background-position":"center center","background-size":"auto","background-attachment":"scroll","background-type":"","background-media":"","overlay-type":"","overlay-color":"","overlay-opacity":"","overlay-gradient":""}},"ast-content-background-meta":{"desktop":{"background-color":"var(--ast-global-color-5)","background-image":"","background-repeat":"repeat","background-position":"center center","background-size":"auto","background-attachment":"scroll","background-type":"","background-media":"","overlay-type":"","overlay-color":"","overlay-opacity":"","overlay-gradient":""},"tablet":{"background-color":"var(--ast-global-color-5)","background-image":"","background-repeat":"repeat","background-position":"center center","background-size":"auto","background-attachment":"scroll","background-type":"","background-media":"","overlay-type":"","overlay-color":"","overlay-opacity":"","overlay-gradient":""},"mobile":{"background-color":"var(--ast-global-color-5)","background-image":"","background-repeat":"repeat","background-position":"center center","background-size":"auto","background-attachment":"scroll","background-type":"","background-media":"","overlay-type":"","overlay-color":"","overlay-opacity":"","overlay-gradient":""}},"footnotes":""},"class_list":["post-342","page","type-page","status-publish","hentry"],"_links":{"self":[{"href":"https:\/\/www.uhlenbeck-uitgevers.nl\/index.php\/wp-json\/wp\/v2\/pages\/342","targetHints":{"allow":["GET"]}}],"collection":[{"href":"https:\/\/www.uhlenbeck-uitgevers.nl\/index.php\/wp-json\/wp\/v2\/pages"}],"about":[{"href":"https:\/\/www.uhlenbeck-uitgevers.nl\/index.php\/wp-json\/wp\/v2\/types\/page"}],"author":[{"embeddable":true,"href":"https:\/\/www.uhlenbeck-uitgevers.nl\/index.php\/wp-json\/wp\/v2\/users\/1"}],"replies":[{"embeddable":true,"href":"https:\/\/www.uhlenbeck-uitgevers.nl\/index.php\/wp-json\/wp\/v2\/comments?post=342"}],"version-history":[{"count":103,"href":"https:\/\/www.uhlenbeck-uitgevers.nl\/index.php\/wp-json\/wp\/v2\/pages\/342\/revisions"}],"predecessor-version":[{"id":1264,"href":"https:\/\/www.uhlenbeck-uitgevers.nl\/index.php\/wp-json\/wp\/v2\/pages\/342\/revisions\/1264"}],"wp:attachment":[{"href":"https:\/\/www.uhlenbeck-uitgevers.nl\/index.php\/wp-json\/wp\/v2\/media?parent=342"}],"curies":[{"name":"wp","href":"https:\/\/api.w.org\/{rel}","templated":true}]}}